{"id":5416,"date":"2025-04-15T09:24:23","date_gmt":"2025-04-15T08:24:23","guid":{"rendered":"https:\/\/loveandlightfestival.nl\/?page_id=5416"},"modified":"2026-03-25T10:32:39","modified_gmt":"2026-03-25T09:32:39","slug":"the-sound-of-tibet-tent","status":"publish","type":"page","link":"https:\/\/simmerskyn-festival.nl\/?page_id=5416","title":{"rendered":"WORKSHOPS"},"content":{"rendered":"\n<p><strong><br><\/strong><\/p>\n\n\n\n<figure class=\"wp-block-image size-large\"><img loading=\"lazy\" decoding=\"async\" width=\"1024\" height=\"380\" src=\"https:\/\/simmerskyn-festival.nl\/wp-content\/uploads\/2025\/10\/cropped-logo-1024x380.jpg\" alt=\"\" class=\"wp-image-5794\" srcset=\"https:\/\/simmerskyn-festival.nl\/wp-content\/uploads\/2025\/10\/cropped-logo-1024x380.jpg 1024w, https:\/\/simmerskyn-festival.nl\/wp-content\/uploads\/2025\/10\/cropped-logo-300x111.jpg 300w, https:\/\/simmerskyn-festival.nl\/wp-content\/uploads\/2025\/10\/cropped-logo-768x285.jpg 768w, https:\/\/simmerskyn-festival.nl\/wp-content\/uploads\/2025\/10\/cropped-logo-1536x570.jpg 1536w, https:\/\/simmerskyn-festival.nl\/wp-content\/uploads\/2025\/10\/cropped-logo.jpg 1599w\" sizes=\"auto, (max-width: 1024px) 100vw, 1024px\" \/><\/figure>\n\n\n\n<p class=\"has-medium-font-size\"><strong>Sjamoon, handpan en djemb\u00e9 workshops<\/strong><\/p>\n\n\n\n<figure class=\"wp-block-image size-full\"><img loading=\"lazy\" decoding=\"async\" width=\"900\" height=\"900\" src=\"https:\/\/simmerskyn-festival.nl\/wp-content\/uploads\/2026\/02\/1-Sjamoon-logo.png\" alt=\"\" class=\"wp-image-6538\" srcset=\"https:\/\/simmerskyn-festival.nl\/wp-content\/uploads\/2026\/02\/1-Sjamoon-logo.png 900w, https:\/\/simmerskyn-festival.nl\/wp-content\/uploads\/2026\/02\/1-Sjamoon-logo-300x300.png 300w, https:\/\/simmerskyn-festival.nl\/wp-content\/uploads\/2026\/02\/1-Sjamoon-logo-150x150.png 150w, https:\/\/simmerskyn-festival.nl\/wp-content\/uploads\/2026\/02\/1-Sjamoon-logo-768x768.png 768w\" sizes=\"auto, (max-width: 900px) 100vw, 900px\" \/><\/figure>\n\n\n\n<p class=\"has-text-align-center\">Sjamoon is gevestigd in Wons, en heeft in 2016 officieel haar deuren geopend.<br>We houden ons bezig met yoga, ademhaling, klankbelevingen, meditatie, mantra zingen, en we geven verschillende retraites &amp; workshops, zoals didgeridoo, handpan, djemb\u00e9 en rainsticks maken. Inmiddels hebben wij ook een webwinkel op de website, waar we handpannen verkopen en handpan gerelateerde producten.<\/p>\n\n\n\n<figure class=\"wp-block-image size-large\"><img loading=\"lazy\" decoding=\"async\" width=\"1024\" height=\"1024\" src=\"https:\/\/simmerskyn-festival.nl\/wp-content\/uploads\/2026\/02\/2-Sjamoon-1024x1024.png\" alt=\"\" class=\"wp-image-6537\" srcset=\"https:\/\/simmerskyn-festival.nl\/wp-content\/uploads\/2026\/02\/2-Sjamoon-1024x1024.png 1024w, https:\/\/simmerskyn-festival.nl\/wp-content\/uploads\/2026\/02\/2-Sjamoon-300x300.png 300w, https:\/\/simmerskyn-festival.nl\/wp-content\/uploads\/2026\/02\/2-Sjamoon-150x150.png 150w, https:\/\/simmerskyn-festival.nl\/wp-content\/uploads\/2026\/02\/2-Sjamoon-768x768.png 768w, https:\/\/simmerskyn-festival.nl\/wp-content\/uploads\/2026\/02\/2-Sjamoon.png 1092w\" sizes=\"auto, (max-width: 1024px) 100vw, 1024px\" \/><\/figure>\n\n\n\n<p class=\"has-text-align-center\">Ik werk graag met mensen van alle leeftijden, in alle fases van hun leven<br>en ik heb een invoelend vermogen. Ik ben van jongs af aan spiritueel voelend.<br>Mijn inlevingsvermogen is groot en ik geloof in de magie van fantasie<br>en eigen-wijsheid.<br>Ik heb een passie voor het \u2018spelen\u2019 met kinderen en handvatten te bieden<br>om jezelf te kunnen laten groeien tot wie je werkelijk bent.<br>Daarbij sluit ik de volwassene niet uit in de verbinding met hun innerlijke kind. De grootste verandering ligt vaak bij jezelf, dat dit het nodige effect kan hebben, weet ik uit ervaring.<\/p>\n\n\n\n<figure class=\"wp-block-image size-large\"><img loading=\"lazy\" decoding=\"async\" width=\"1024\" height=\"1024\" src=\"https:\/\/simmerskyn-festival.nl\/wp-content\/uploads\/2026\/02\/3-Wlad-1024x1024.png\" alt=\"\" class=\"wp-image-6536\" srcset=\"https:\/\/simmerskyn-festival.nl\/wp-content\/uploads\/2026\/02\/3-Wlad-1024x1024.png 1024w, https:\/\/simmerskyn-festival.nl\/wp-content\/uploads\/2026\/02\/3-Wlad-300x300.png 300w, https:\/\/simmerskyn-festival.nl\/wp-content\/uploads\/2026\/02\/3-Wlad-150x150.png 150w, https:\/\/simmerskyn-festival.nl\/wp-content\/uploads\/2026\/02\/3-Wlad-768x768.png 768w, https:\/\/simmerskyn-festival.nl\/wp-content\/uploads\/2026\/02\/3-Wlad.png 1090w\" sizes=\"auto, (max-width: 1024px) 100vw, 1024px\" \/><\/figure>\n\n\n\n<p class=\"has-text-align-center\">Ik ben de partner van Sjamoon en ik ben door haar te ondersteunen in haar bedrijf, er een beetje ingerold en steeds meer gaan doen met klank.<br>Ik ben ooit begonnen door op drumcirkels mee te drummen op de Sjamanen drum en de Djemb\u00e9, en kort daarna ontdekte ik de didgeridoo en de handpan. Anno 2026 geef ik didgeridoo en djemb\u00e9 les, djemb\u00e9 workshops en draai ik mee in de handpan workshops. Daarnaast houd ik onze website en winkelvoorraad up to date en doe ik veelal de PR. Van beroep ben ik machinaal houtbewerker en in mijn vrije tijd maak ik verstelbare standaards voor de handpan en RAV drum, en wandhouders voor de handpan.<\/p>\n\n\n\n<p class=\"has-text-align-center\"><strong>Sinds 2024 is de Magische muziekschool in het leven geroepen<\/strong><\/p>\n\n\n\n<figure class=\"wp-block-image size-large\"><img loading=\"lazy\" decoding=\"async\" width=\"1024\" height=\"706\" src=\"https:\/\/simmerskyn-festival.nl\/wp-content\/uploads\/2026\/02\/4-Love-1024x706.jpg\" alt=\"\" class=\"wp-image-6535\" srcset=\"https:\/\/simmerskyn-festival.nl\/wp-content\/uploads\/2026\/02\/4-Love-1024x706.jpg 1024w, https:\/\/simmerskyn-festival.nl\/wp-content\/uploads\/2026\/02\/4-Love-300x207.jpg 300w, https:\/\/simmerskyn-festival.nl\/wp-content\/uploads\/2026\/02\/4-Love-768x530.jpg 768w, https:\/\/simmerskyn-festival.nl\/wp-content\/uploads\/2026\/02\/4-Love.jpg 1370w\" sizes=\"auto, (max-width: 1024px) 100vw, 1024px\" \/><\/figure>\n\n\n\n<p class=\"has-text-align-center\"><strong><em>Haal spelenderwijs eruit wat erin zit<\/em><\/strong><br>Is het motto van de Magische muziekschool.<br>Het ontdekken, plezier hebben, ervaren dat iedereen muziek kan maken<br>is het uiteindelijke doel.<br>Welk instrument voelt natuurlijk aan, zodat intu\u00eftief spelen (bijna) vanzelf gaat.<br>Akoestische instrumenten zoals handpan, klankschalen, didgeridoo, tongdrum, sjamanen drum, djemb\u00e9, kalimba, shruti box, koshi\u2019s<br>en rainsticks zijn o.a. te vinden bij de Magische muziekschool,<br>en zelfs de stem beschouwen wij als een instrument.<br>Meditatie en ademhaling zijn ook tools die we inzetten<br>als onderdeel van het leerproces.<\/p>\n\n\n\n<figure class=\"wp-block-image size-large\"><img loading=\"lazy\" decoding=\"async\" width=\"1024\" height=\"722\" src=\"https:\/\/simmerskyn-festival.nl\/wp-content\/uploads\/2026\/02\/5-Wlad-didge-1024x722.jpg\" alt=\"\" class=\"wp-image-6533\" srcset=\"https:\/\/simmerskyn-festival.nl\/wp-content\/uploads\/2026\/02\/5-Wlad-didge-1024x722.jpg 1024w, https:\/\/simmerskyn-festival.nl\/wp-content\/uploads\/2026\/02\/5-Wlad-didge-300x211.jpg 300w, https:\/\/simmerskyn-festival.nl\/wp-content\/uploads\/2026\/02\/5-Wlad-didge-768x541.jpg 768w, https:\/\/simmerskyn-festival.nl\/wp-content\/uploads\/2026\/02\/5-Wlad-didge.jpg 1290w\" sizes=\"auto, (max-width: 1024px) 100vw, 1024px\" \/><\/figure>\n\n\n\n<p class=\"has-text-align-center has-medium-font-size\"><strong>Workshops<\/strong><\/p>\n\n\n\n<p class=\"has-text-align-center\">Tijdens het festival bieden wij de mogelijkheid om gratis kennis te maken met<br>de magische klanken van de handpan. Een paar keer per dag kun je ook een handpan workshop volgen (\u20ac 35), hiervoor kun je je ter plaatse opgeven.<\/p>\n\n\n\n<figure class=\"wp-block-image size-large\"><img loading=\"lazy\" decoding=\"async\" width=\"1024\" height=\"716\" src=\"https:\/\/simmerskyn-festival.nl\/wp-content\/uploads\/2026\/02\/6-Handpan-1024x716.jpg\" alt=\"\" class=\"wp-image-6534\" srcset=\"https:\/\/simmerskyn-festival.nl\/wp-content\/uploads\/2026\/02\/6-Handpan-1024x716.jpg 1024w, https:\/\/simmerskyn-festival.nl\/wp-content\/uploads\/2026\/02\/6-Handpan-300x210.jpg 300w, https:\/\/simmerskyn-festival.nl\/wp-content\/uploads\/2026\/02\/6-Handpan-768x537.jpg 768w, https:\/\/simmerskyn-festival.nl\/wp-content\/uploads\/2026\/02\/6-Handpan.jpg 1266w\" sizes=\"auto, (max-width: 1024px) 100vw, 1024px\" \/><\/figure>\n\n\n\n<p class=\"has-text-align-center\">Daarnaast geven we ook \u00e9\u00e9n keer per dag een djemb\u00e9 workshop (\u20ac 25)<br>Voel je van \u2764e welkom!<\/p>\n\n\n\n<p><\/p>\n\n\n\n<figure class=\"wp-block-image size-large\"><img loading=\"lazy\" decoding=\"async\" width=\"1024\" height=\"1024\" src=\"https:\/\/simmerskyn-festival.nl\/wp-content\/uploads\/2026\/02\/7-Djembe-1024x1024.jpg\" alt=\"\" class=\"wp-image-6532\" srcset=\"https:\/\/simmerskyn-festival.nl\/wp-content\/uploads\/2026\/02\/7-Djembe-1024x1024.jpg 1024w, https:\/\/simmerskyn-festival.nl\/wp-content\/uploads\/2026\/02\/7-Djembe-300x300.jpg 300w, https:\/\/simmerskyn-festival.nl\/wp-content\/uploads\/2026\/02\/7-Djembe-150x150.jpg 150w, https:\/\/simmerskyn-festival.nl\/wp-content\/uploads\/2026\/02\/7-Djembe-768x768.jpg 768w, https:\/\/simmerskyn-festival.nl\/wp-content\/uploads\/2026\/02\/7-Djembe.jpg 1080w\" sizes=\"auto, (max-width: 1024px) 100vw, 1024px\" \/><\/figure>\n\n\n\n<p class=\"has-text-align-center\"><strong>U kunt ons vinden op:<\/strong><br>Website: <a href=\"https:\/\/www.sjamoon.com\" target=\"_blank\" rel=\"noreferrer noopener\">www.sjamoon.com<\/a><br>Facebook: <a href=\"https:\/\/www.facebook.com\/SjamoonWons\" target=\"_blank\" rel=\"noreferrer noopener\">SjamoonWons<\/a><\/p>\n\n\n\n<p class=\"has-text-align-center\"><\/p>\n\n\n\n<p><\/p>\n\n\n\n<p><\/p>\n\n\n\n<p><\/p>\n\n\n\n<p><\/p>\n\n\n\n<p><\/p>\n\n\n\n<figure class=\"wp-block-image size-large\"><img loading=\"lazy\" decoding=\"async\" width=\"1024\" height=\"171\" src=\"https:\/\/simmerskyn-festival.nl\/wp-content\/uploads\/2024\/10\/definer-1024x171.jpg\" alt=\"\" class=\"wp-image-4439\" srcset=\"https:\/\/simmerskyn-festival.nl\/wp-content\/uploads\/2024\/10\/definer-1024x171.jpg 1024w, https:\/\/simmerskyn-festival.nl\/wp-content\/uploads\/2024\/10\/definer-300x50.jpg 300w, https:\/\/simmerskyn-festival.nl\/wp-content\/uploads\/2024\/10\/definer-768x128.jpg 768w, https:\/\/simmerskyn-festival.nl\/wp-content\/uploads\/2024\/10\/definer.jpg 1200w\" sizes=\"auto, (max-width: 1024px) 100vw, 1024px\" \/><\/figure>\n\n\n\n<p><\/p>\n\n\n\n<p><\/p>\n\n\n\n<p><strong>Sjoukje van der Land<\/strong>, workshop stembevrijding<\/p>\n\n\n\n<figure class=\"wp-block-image size-full\"><img loading=\"lazy\" decoding=\"async\" width=\"1000\" height=\"667\" src=\"https:\/\/simmerskyn-festival.nl\/wp-content\/uploads\/2025\/10\/image-90.jpeg\" alt=\"\" class=\"wp-image-5827\" srcset=\"https:\/\/simmerskyn-festival.nl\/wp-content\/uploads\/2025\/10\/image-90.jpeg 1000w, https:\/\/simmerskyn-festival.nl\/wp-content\/uploads\/2025\/10\/image-90-300x200.jpeg 300w, https:\/\/simmerskyn-festival.nl\/wp-content\/uploads\/2025\/10\/image-90-768x512.jpeg 768w, https:\/\/simmerskyn-festival.nl\/wp-content\/uploads\/2025\/10\/image-90-360x240.jpeg 360w\" sizes=\"auto, (max-width: 1000px) 100vw, 1000px\" \/><\/figure>\n\n\n\n<p>Mijn naam is Sjoukje van der Land. Ik heb in Sloten een praktijk voor stembevrijding: <strong>Praktijk Stim<\/strong>. Ik help mensen zichzelf zingend te helen. Daarbij voel ik in het moment wat behulpzaam is voor transformatie. Dat kan zijn traumaheling, innerlijk kindwerk of een familieopstelling. Mijn missie is: mensen bevrijden van pijn en ze weer laten stralen. Omdat ik het iedereen gun om volledig tot bloei te komen. In plaats van overleven te gaan Leven. In mijn praktijk kun je terecht voor 1 op 1 sessies of workshops stembevrijding. .<\/p>\n\n\n\n<p>Ik kijk er naar uit jou te ontmoeten \u00e9n te horen zingen op het <strong>Simmerskyn&nbsp;festival<\/strong>! In de workshop stembevrijding kun je kennismaken met mij en met stembevrijding.<\/p>\n\n\n\n<figure class=\"wp-block-image size-large\"><img loading=\"lazy\" decoding=\"async\" width=\"1024\" height=\"768\" src=\"https:\/\/simmerskyn-festival.nl\/wp-content\/uploads\/2025\/10\/image-91-1024x768.jpeg\" alt=\"\" class=\"wp-image-5828\" srcset=\"https:\/\/simmerskyn-festival.nl\/wp-content\/uploads\/2025\/10\/image-91-1024x768.jpeg 1024w, https:\/\/simmerskyn-festival.nl\/wp-content\/uploads\/2025\/10\/image-91-300x225.jpeg 300w, https:\/\/simmerskyn-festival.nl\/wp-content\/uploads\/2025\/10\/image-91-768x576.jpeg 768w, https:\/\/simmerskyn-festival.nl\/wp-content\/uploads\/2025\/10\/image-91-1536x1152.jpeg 1536w, https:\/\/simmerskyn-festival.nl\/wp-content\/uploads\/2025\/10\/image-91.jpeg 1600w\" sizes=\"auto, (max-width: 1024px) 100vw, 1024px\" \/><\/figure>\n\n\n\n<p><em>.<\/em><\/p>\n\n\n\n<figure class=\"wp-block-image size-large\"><img loading=\"lazy\" decoding=\"async\" width=\"1024\" height=\"768\" src=\"https:\/\/simmerskyn-festival.nl\/wp-content\/uploads\/2025\/10\/image-89-1024x768.jpeg\" alt=\"\" class=\"wp-image-5829\" srcset=\"https:\/\/simmerskyn-festival.nl\/wp-content\/uploads\/2025\/10\/image-89-1024x768.jpeg 1024w, https:\/\/simmerskyn-festival.nl\/wp-content\/uploads\/2025\/10\/image-89-300x225.jpeg 300w, https:\/\/simmerskyn-festival.nl\/wp-content\/uploads\/2025\/10\/image-89-768x576.jpeg 768w, https:\/\/simmerskyn-festival.nl\/wp-content\/uploads\/2025\/10\/image-89-1536x1152.jpeg 1536w, https:\/\/simmerskyn-festival.nl\/wp-content\/uploads\/2025\/10\/image-89.jpeg 1600w\" sizes=\"auto, (max-width: 1024px) 100vw, 1024px\" \/><\/figure>\n\n\n\n<p>.<\/p>\n\n\n\n<p>ZING en voel je LEVEN<\/p>\n\n\n\n<p>Website: <a href=\"https:\/\/www.praktijkstim.nl\/\" target=\"_blank\" rel=\"noreferrer noopener\">Praktijk Stim<\/a><\/p>\n\n\n\n<figure class=\"wp-block-image size-large\"><img loading=\"lazy\" decoding=\"async\" width=\"1024\" height=\"171\" src=\"https:\/\/simmerskyn-festival.nl\/wp-content\/uploads\/2024\/10\/definer-1024x171.jpg\" alt=\"\" class=\"wp-image-4439\" srcset=\"https:\/\/simmerskyn-festival.nl\/wp-content\/uploads\/2024\/10\/definer-1024x171.jpg 1024w, https:\/\/simmerskyn-festival.nl\/wp-content\/uploads\/2024\/10\/definer-300x50.jpg 300w, https:\/\/simmerskyn-festival.nl\/wp-content\/uploads\/2024\/10\/definer-768x128.jpg 768w, https:\/\/simmerskyn-festival.nl\/wp-content\/uploads\/2024\/10\/definer.jpg 1200w\" sizes=\"auto, (max-width: 1024px) 100vw, 1024px\" \/><\/figure>\n\n\n<div class=\"wp-block-image\">\n<figure class=\"aligncenter size-full is-resized\"><a href=\"https:\/\/hipsy.nl\/shop\/162367-simmerskyn-festival-2026\" target=\"_blank\" rel=\" noreferrer noopener\"><img loading=\"lazy\" decoding=\"async\" width=\"200\" height=\"185\" src=\"https:\/\/simmerskyn-festival.nl\/wp-content\/uploads\/2026\/01\/image-1.png\" alt=\"\" class=\"wp-image-6390\" style=\"width:381px;height:auto\"\/><\/a><\/figure>\n<\/div>\n\n\n<p><\/p>\n\n\n\n<p>Ons festival regelement is via onderstaande link bereikbaar!<\/p>\n\n\n\n<p><a href=\"https:\/\/simmerskyn-festival.nl\/?page_id=4337\" target=\"_blank\" rel=\"noreferrer noopener\">Regelement Simmerskyn Festival<\/a><\/p>\n\n\n\n<p><\/p>\n","protected":false},"excerpt":{"rendered":"<p>Sjamoon, handpan en djemb\u00e9 workshops Sjamoon is gevestigd in Wons, en heeft in 2016 officieel haar deuren geopend.We houden ons bezig met yoga, ademhaling, klankbelevingen, meditatie, mantra zingen, en we geven verschillende retraites &amp; workshops, zoals didgeridoo, handpan, djemb\u00e9 en rainsticks maken. Inmiddels hebben wij ook een webwinkel op de [&hellip;]<\/p>\n","protected":false},"author":1,"featured_media":0,"parent":0,"menu_order":0,"comment_status":"closed","ping_status":"closed","template":"","meta":{"footnotes":""},"class_list":["post-5416","page","type-page","status-publish","hentry"],"yoast_head":"<!-- This site is optimized with the Yoast SEO Premium plugin v27.4 (Yoast SEO v27.4) - https:\/\/yoast.com\/product\/yoast-seo-premium-wordpress\/ -->\n<title>Simmerskyn Festival Friesland Workshops en Meer - Simmerskyn Festival<\/title>\n<meta name=\"description\" content=\"Verken de Simmerskyn Festival friesland workshops en ontwikkel je muzikale talenten met handpan en djemb\u00e9 lessen.\" \/>\n<meta name=\"robots\" content=\"index, follow, max-snippet:-1, max-image-preview:large, max-video-preview:-1\" \/>\n<link rel=\"canonical\" href=\"https:\/\/simmerskyn-festival.nl\/?page_id=5416\" \/>\n<meta property=\"og:locale\" content=\"nl_NL\" \/>\n<meta property=\"og:type\" content=\"article\" \/>\n<meta property=\"og:title\" content=\"Simmerskyn Festival friesland Workshops en Creativiteit\" \/>\n<meta property=\"og:description\" content=\"Geniet van Simmerskyn Festival friesland Workshops en laat je inspireren door handpan en djemb\u00e9 lessen bij Sjamoon.\" \/>\n<meta property=\"og:url\" content=\"https:\/\/simmerskyn-festival.nl\/?page_id=5416\" \/>\n<meta property=\"og:site_name\" content=\"Simmerskyn Festival\" \/>\n<meta property=\"article:modified_time\" content=\"2026-03-25T09:32:39+00:00\" \/>\n<meta property=\"og:image\" content=\"https:\/\/simmerskyn-festival.nl\/wp-content\/uploads\/2025\/10\/cropped-logo.jpg\" \/>\n\t<meta property=\"og:image:width\" content=\"1599\" \/>\n\t<meta property=\"og:image:height\" content=\"593\" \/>\n\t<meta property=\"og:image:type\" content=\"image\/jpeg\" \/>\n<meta name=\"twitter:card\" content=\"summary_large_image\" \/>\n<meta name=\"twitter:title\" content=\"WORKSHOPS\" \/>\n<meta name=\"twitter:label1\" content=\"Geschatte leestijd\" \/>\n\t<meta name=\"twitter:data1\" content=\"6 minuten\" \/>\n<script type=\"application\/ld+json\" class=\"yoast-schema-graph\">{\"@context\":\"https:\\\/\\\/schema.org\",\"@graph\":[{\"@type\":\"WebPage\",\"@id\":\"https:\\\/\\\/simmerskyn-festival.nl\\\/?page_id=5416\",\"url\":\"https:\\\/\\\/simmerskyn-festival.nl\\\/?page_id=5416\",\"name\":\"Simmerskyn Festival Friesland Workshops en Meer - Simmerskyn Festival\",\"isPartOf\":{\"@id\":\"https:\\\/\\\/simmerskyn-festival.nl\\\/#website\"},\"primaryImageOfPage\":{\"@id\":\"https:\\\/\\\/simmerskyn-festival.nl\\\/?page_id=5416#primaryimage\"},\"image\":{\"@id\":\"https:\\\/\\\/simmerskyn-festival.nl\\\/?page_id=5416#primaryimage\"},\"thumbnailUrl\":\"https:\\\/\\\/simmerskyn-festival.nl\\\/wp-content\\\/uploads\\\/2025\\\/10\\\/cropped-logo-1024x380.jpg\",\"datePublished\":\"2025-04-15T08:24:23+00:00\",\"dateModified\":\"2026-03-25T09:32:39+00:00\",\"description\":\"Verken de Simmerskyn Festival friesland workshops en ontwikkel je muzikale talenten met handpan en djemb\u00e9 lessen.\",\"breadcrumb\":{\"@id\":\"https:\\\/\\\/simmerskyn-festival.nl\\\/?page_id=5416#breadcrumb\"},\"inLanguage\":\"nl-NL\",\"potentialAction\":[{\"@type\":\"ReadAction\",\"target\":[\"https:\\\/\\\/simmerskyn-festival.nl\\\/?page_id=5416\"]}]},{\"@type\":\"ImageObject\",\"inLanguage\":\"nl-NL\",\"@id\":\"https:\\\/\\\/simmerskyn-festival.nl\\\/?page_id=5416#primaryimage\",\"url\":\"https:\\\/\\\/simmerskyn-festival.nl\\\/wp-content\\\/uploads\\\/2025\\\/10\\\/cropped-logo.jpg\",\"contentUrl\":\"https:\\\/\\\/simmerskyn-festival.nl\\\/wp-content\\\/uploads\\\/2025\\\/10\\\/cropped-logo.jpg\",\"width\":1599,\"height\":593},{\"@type\":\"BreadcrumbList\",\"@id\":\"https:\\\/\\\/simmerskyn-festival.nl\\\/?page_id=5416#breadcrumb\",\"itemListElement\":[{\"@type\":\"ListItem\",\"position\":1,\"name\":\"Home\",\"item\":\"https:\\\/\\\/simmerskyn-festival.nl\\\/\"},{\"@type\":\"ListItem\",\"position\":2,\"name\":\"WORKSHOPS\"}]},{\"@type\":\"WebSite\",\"@id\":\"https:\\\/\\\/simmerskyn-festival.nl\\\/#website\",\"url\":\"https:\\\/\\\/simmerskyn-festival.nl\\\/\",\"name\":\"Simmerskyn Festival\",\"description\":\"\",\"publisher\":{\"@id\":\"https:\\\/\\\/simmerskyn-festival.nl\\\/#organization\"},\"potentialAction\":[{\"@type\":\"SearchAction\",\"target\":{\"@type\":\"EntryPoint\",\"urlTemplate\":\"https:\\\/\\\/simmerskyn-festival.nl\\\/?s={search_term_string}\"},\"query-input\":{\"@type\":\"PropertyValueSpecification\",\"valueRequired\":true,\"valueName\":\"search_term_string\"}}],\"inLanguage\":\"nl-NL\"},{\"@type\":\"Organization\",\"@id\":\"https:\\\/\\\/simmerskyn-festival.nl\\\/#organization\",\"name\":\"Love and Light festival\",\"url\":\"https:\\\/\\\/simmerskyn-festival.nl\\\/\",\"logo\":{\"@type\":\"ImageObject\",\"inLanguage\":\"nl-NL\",\"@id\":\"https:\\\/\\\/simmerskyn-festival.nl\\\/#\\\/schema\\\/logo\\\/image\\\/\",\"url\":\"https:\\\/\\\/simmerskyn-festival.nl\\\/wp-content\\\/uploads\\\/2024\\\/10\\\/cropped-cropped-logo-1.jpg\",\"contentUrl\":\"https:\\\/\\\/simmerskyn-festival.nl\\\/wp-content\\\/uploads\\\/2024\\\/10\\\/cropped-cropped-logo-1.jpg\",\"width\":890,\"height\":592,\"caption\":\"Love and Light festival\"},\"image\":{\"@id\":\"https:\\\/\\\/simmerskyn-festival.nl\\\/#\\\/schema\\\/logo\\\/image\\\/\"}}]}<\/script>\n<!-- \/ Yoast SEO Premium plugin. -->","yoast_head_json":{"title":"Simmerskyn Festival Friesland Workshops en Meer - Simmerskyn Festival","description":"Verken de Simmerskyn Festival friesland workshops en ontwikkel je muzikale talenten met handpan en djemb\u00e9 lessen.","robots":{"index":"index","follow":"follow","max-snippet":"max-snippet:-1","max-image-preview":"max-image-preview:large","max-video-preview":"max-video-preview:-1"},"canonical":"https:\/\/simmerskyn-festival.nl\/?page_id=5416","og_locale":"nl_NL","og_type":"article","og_title":"Simmerskyn Festival friesland Workshops en Creativiteit","og_description":"Geniet van Simmerskyn Festival friesland Workshops en laat je inspireren door handpan en djemb\u00e9 lessen bij Sjamoon.","og_url":"https:\/\/simmerskyn-festival.nl\/?page_id=5416","og_site_name":"Simmerskyn Festival","article_modified_time":"2026-03-25T09:32:39+00:00","og_image":[{"width":1599,"height":593,"url":"https:\/\/simmerskyn-festival.nl\/wp-content\/uploads\/2025\/10\/cropped-logo.jpg","type":"image\/jpeg"}],"twitter_card":"summary_large_image","twitter_title":"WORKSHOPS","twitter_misc":{"Geschatte leestijd":"6 minuten"},"schema":{"@context":"https:\/\/schema.org","@graph":[{"@type":"WebPage","@id":"https:\/\/simmerskyn-festival.nl\/?page_id=5416","url":"https:\/\/simmerskyn-festival.nl\/?page_id=5416","name":"Simmerskyn Festival Friesland Workshops en Meer - Simmerskyn Festival","isPartOf":{"@id":"https:\/\/simmerskyn-festival.nl\/#website"},"primaryImageOfPage":{"@id":"https:\/\/simmerskyn-festival.nl\/?page_id=5416#primaryimage"},"image":{"@id":"https:\/\/simmerskyn-festival.nl\/?page_id=5416#primaryimage"},"thumbnailUrl":"https:\/\/simmerskyn-festival.nl\/wp-content\/uploads\/2025\/10\/cropped-logo-1024x380.jpg","datePublished":"2025-04-15T08:24:23+00:00","dateModified":"2026-03-25T09:32:39+00:00","description":"Verken de Simmerskyn Festival friesland workshops en ontwikkel je muzikale talenten met handpan en djemb\u00e9 lessen.","breadcrumb":{"@id":"https:\/\/simmerskyn-festival.nl\/?page_id=5416#breadcrumb"},"inLanguage":"nl-NL","potentialAction":[{"@type":"ReadAction","target":["https:\/\/simmerskyn-festival.nl\/?page_id=5416"]}]},{"@type":"ImageObject","inLanguage":"nl-NL","@id":"https:\/\/simmerskyn-festival.nl\/?page_id=5416#primaryimage","url":"https:\/\/simmerskyn-festival.nl\/wp-content\/uploads\/2025\/10\/cropped-logo.jpg","contentUrl":"https:\/\/simmerskyn-festival.nl\/wp-content\/uploads\/2025\/10\/cropped-logo.jpg","width":1599,"height":593},{"@type":"BreadcrumbList","@id":"https:\/\/simmerskyn-festival.nl\/?page_id=5416#breadcrumb","itemListElement":[{"@type":"ListItem","position":1,"name":"Home","item":"https:\/\/simmerskyn-festival.nl\/"},{"@type":"ListItem","position":2,"name":"WORKSHOPS"}]},{"@type":"WebSite","@id":"https:\/\/simmerskyn-festival.nl\/#website","url":"https:\/\/simmerskyn-festival.nl\/","name":"Simmerskyn Festival","description":"","publisher":{"@id":"https:\/\/simmerskyn-festival.nl\/#organization"},"potentialAction":[{"@type":"SearchAction","target":{"@type":"EntryPoint","urlTemplate":"https:\/\/simmerskyn-festival.nl\/?s={search_term_string}"},"query-input":{"@type":"PropertyValueSpecification","valueRequired":true,"valueName":"search_term_string"}}],"inLanguage":"nl-NL"},{"@type":"Organization","@id":"https:\/\/simmerskyn-festival.nl\/#organization","name":"Love and Light festival","url":"https:\/\/simmerskyn-festival.nl\/","logo":{"@type":"ImageObject","inLanguage":"nl-NL","@id":"https:\/\/simmerskyn-festival.nl\/#\/schema\/logo\/image\/","url":"https:\/\/simmerskyn-festival.nl\/wp-content\/uploads\/2024\/10\/cropped-cropped-logo-1.jpg","contentUrl":"https:\/\/simmerskyn-festival.nl\/wp-content\/uploads\/2024\/10\/cropped-cropped-logo-1.jpg","width":890,"height":592,"caption":"Love and Light festival"},"image":{"@id":"https:\/\/simmerskyn-festival.nl\/#\/schema\/logo\/image\/"}}]}},"_links":{"self":[{"href":"https:\/\/simmerskyn-festival.nl\/index.php?rest_route=\/wp\/v2\/pages\/5416","targetHints":{"allow":["GET"]}}],"collection":[{"href":"https:\/\/simmerskyn-festival.nl\/index.php?rest_route=\/wp\/v2\/pages"}],"about":[{"href":"https:\/\/simmerskyn-festival.nl\/index.php?rest_route=\/wp\/v2\/types\/page"}],"author":[{"embeddable":true,"href":"https:\/\/simmerskyn-festival.nl\/index.php?rest_route=\/wp\/v2\/users\/1"}],"replies":[{"embeddable":true,"href":"https:\/\/simmerskyn-festival.nl\/index.php?rest_route=%2Fwp%2Fv2%2Fcomments&post=5416"}],"version-history":[{"count":19,"href":"https:\/\/simmerskyn-festival.nl\/index.php?rest_route=\/wp\/v2\/pages\/5416\/revisions"}],"predecessor-version":[{"id":6724,"href":"https:\/\/simmerskyn-festival.nl\/index.php?rest_route=\/wp\/v2\/pages\/5416\/revisions\/6724"}],"wp:attachment":[{"href":"https:\/\/simmerskyn-festival.nl\/index.php?rest_route=%2Fwp%2Fv2%2Fmedia&parent=5416"}],"curies":[{"name":"wp","href":"https:\/\/api.w.org\/{rel}","templated":true}]}}